{"id":8194,"date":"2023-07-08T13:41:58","date_gmt":"2023-07-08T10:41:58","guid":{"rendered":"http:\/\/liginull.info\/?page_id=8194"},"modified":"2023-07-10T13:09:59","modified_gmt":"2023-07-10T10:09:59","slug":"nearly-zero-the-curatorial-exhibition-of-the-estonian-association-of-architects-2018-2","status":"publish","type":"page","link":"http:\/\/liginull.info\/en\/","title":{"rendered":"NEARLY ZERO: THE CURATORIAL EXHIBITION OF THE ESTONIAN ASSOCIATION OF ARCHITECTS 2018"},"content":{"rendered":"\n<figure class=\"wp-block-image size-full\"><img loading=\"lazy\" decoding=\"async\" width=\"1024\" height=\"576\" src=\"http:\/\/liginull.info\/wp-content\/uploads\/2023\/07\/image001-1024x576-1.png\" alt=\"\" class=\"wp-image-8195\" srcset=\"http:\/\/liginull.info\/wp-content\/uploads\/2023\/07\/image001-1024x576-1.png 1024w, http:\/\/liginull.info\/wp-content\/uploads\/2023\/07\/image001-1024x576-1-300x169.png 300w, http:\/\/liginull.info\/wp-content\/uploads\/2023\/07\/image001-1024x576-1-768x432.png 768w, http:\/\/liginull.info\/wp-content\/uploads\/2023\/07\/image001-1024x576-1-100x56.png 100w, http:\/\/liginull.info\/wp-content\/uploads\/2023\/07\/image001-1024x576-1-1000x563.png 1000w\" sizes=\"auto, (max-width: 1024px) 100vw, 1024px\" \/><\/figure>\n\n\n\n<p>The curatorial exhibition of the Estonian Association of Architects 2018 proposed one possible vision about how architecture should react to the unnerving news about the overheating of our planet. Why is the carbon footprint of an Estonian altogether three times larger than that of a Latvian or a Swede and why does it rank among top ten in the world? What is done in Estonia at the moment to decrease the carbon footprint and is it sufficient? What else should we do or what should we do instead to make it actually smaller? These are just some of the questions that the exhibition raised and attempted to answer to the best of its abilities.<\/p>\n\n\n\n<p>Throughout the exhibition, the main unit of measurement was 1 tonne of CO2<sub>e<\/sub> (that is CO<sub>2<\/sub> equivalents). If a barrel of oil would contain 357 litres of gasoline, its burning would release 1 tonne of CO2<sub>e<\/sub> into the atmosphere. In the exhibition, such a barrel was represented by an oil barrel of 200 litres (the scale was thus 1:1.8). The number of oil barrels (80) represented the average CO2<sub>e<\/sub> emissions of a 120 m<sup>2<\/sup> private building over its life span.<\/p>\n\n\n\n<p>The exhibition was&nbsp;<a href=\"https:\/\/arhitektuuripreemiad.ee\/objekt\/naitus-liginull\/\"><\/a><a href=\"https:\/\/arhitektuuripreemiad.ee\/objekt\/naitus-liginull\/\">awarded with the Estonian Cultural Endowment\u2019s annual prize in the exhibition category<\/a> (the honour was shared with Ingrid Ruudi\u2019s&nbsp;<a href=\"https:\/\/arhitektuuripreemiad.ee\/objekt\/ingrid-ruudi-oma-tuba-feministi-kusimused-arhitektuurile\/\">exhibition <\/a><a href=\"https:\/\/arhitektuuripreemiad.ee\/objekt\/ingrid-ruudi-oma-tuba-feministi-kusimused-arhitektuurile\/\">\u201cThe Room of One\u2019s Own: The Feminist\u2019s Questions to Architecture\u201d<\/a>). The exhibition was also shortlisted for the&nbsp;<a href=\"https:\/\/selgesonum.ee\/auhind-2019\/tulemused-2019\/\">Clear Message Awards<\/a>.<br><\/p>\n\n\n\n<p>Curators: <a href=\"http:\/\/www.liginull.info\/avaleht\/kuraatorid\/\">Eik Hermann, Mihkel T\u00fc\u00fcr, Rene Valner<\/a>.<br>Partners: <a href=\"http:\/\/kta.ee\/ott-kadarik\">Ott Kadarik<\/a>, <a href=\"http:\/\/independent.academia.edu\/RaulKalvo\">Raul Kalvo<\/a>, <a href=\"https:\/\/www.artun.ee\/inimesed\/ralf-looke\/\">Ralf L\u00f5oke<\/a>, <a href=\"https:\/\/buildinglabel.ee\/firmast\/\">Erkki Seinre<\/a>.<br>Graphic design: <a href=\"https:\/\/aku.co\/\">Uku-Kristjan K\u00fcttis, Jaan Sarapuu (AKU)<\/a>.<br>Special thanks to: <a href=\"https:\/\/www.ttu.ee\/instituut\/ehituse-ja-arhitektuuri-instituut\/uurimisruhmad-4\/liginullenergiahooned\/\">Endrik Arum\u00e4gi, Paul Kl\u00f5\u0161eiko, Raimo Simson, Martin Thalfeldt (Taltech)<\/a>, <a href=\"https:\/\/www.kredex.ee\/et\/meeskond?field_department_target_id=26\">Kalle Kuusk (Kredex)<\/a>, <a href=\"https:\/\/www.mcgill.ca\/architecture\/people-0\/faculty\/moe\">Kiel Moe<\/a>, <a href=\"https:\/\/dcp.ufl.edu\/faculty\/srinivasan-ravi\/\">Ravi Srinivasan<\/a>, Margus Tali,  Siim Tali, Ingrid Korma\u0161ov.<\/p>\n\n\n\n<p>The exhibition was supported by <a href=\"http:\/\/www.kulka.ee\">the Estonian Cultural Foundation<\/a>, <a href=\"http:\/\/bauroc.ee\">AS Bauroc<\/a>, <a href=\"https:\/\/floorin.ee\/et\/\">AS Floorin<\/a>. In preparation the exhibtion, we were able to use <a href=\"https:\/\/www.oneclicklca.com\/\">OneClickLCA<\/a> software. We also thank P\u00e4rnu City Government, Hiiu Local Government, Karin Bachmann, Angeelika P\u00e4rn, Kaire N\u00f5mm and Leles Luhse.<\/p>\n","protected":false},"excerpt":{"rendered":"<p>The curatorial exhibition of the Estonian Association of Architects 2018 proposed one possible vision about how architecture should react to the unnerving news about the overheating of our planet. Why &#8230;<\/p>\n","protected":false},"author":1,"featured_media":0,"parent":0,"menu_order":0,"comment_status":"closed","ping_status":"closed","template":"","meta":{"footnotes":""},"class_list":["post-8194","page","type-page","status-publish","hentry","no-post-thumbnail"],"_links":{"self":[{"href":"http:\/\/liginull.info\/en\/wp-json\/wp\/v2\/pages\/8194","targetHints":{"allow":["GET"]}}],"collection":[{"href":"http:\/\/liginull.info\/en\/wp-json\/wp\/v2\/pages"}],"about":[{"href":"http:\/\/liginull.info\/en\/wp-json\/wp\/v2\/types\/page"}],"author":[{"embeddable":true,"href":"http:\/\/liginull.info\/en\/wp-json\/wp\/v2\/users\/1"}],"replies":[{"embeddable":true,"href":"http:\/\/liginull.info\/en\/wp-json\/wp\/v2\/comments?post=8194"}],"version-history":[{"count":3,"href":"http:\/\/liginull.info\/en\/wp-json\/wp\/v2\/pages\/8194\/revisions"}],"predecessor-version":[{"id":8408,"href":"http:\/\/liginull.info\/en\/wp-json\/wp\/v2\/pages\/8194\/revisions\/8408"}],"wp:attachment":[{"href":"http:\/\/liginull.info\/en\/wp-json\/wp\/v2\/media?parent=8194"}],"curies":[{"name":"wp","href":"https:\/\/api.w.org\/{rel}","templated":true}]}}